{"id":2,"date":"2016-05-10T03:48:21","date_gmt":"2016-05-10T03:48:21","guid":{"rendered":"http:\/\/smilefreiburg.de\/?page_id=2"},"modified":"2021-08-24T23:16:30","modified_gmt":"2021-08-24T23:16:30","slug":"sample-page","status":"publish","type":"page","link":"https:\/\/smilefreiburg.de\/?page_id=2","title":{"rendered":"Info"},"content":{"rendered":"\n<h1 class=\"has-text-align-center has-vivid-red-color has-text-color wp-block-heading\"><strong>Wer wir sind<\/strong><\/h1>\n\n\n\n<p class=\"has-text-align-center has-white-color has-text-color has-large-font-size\">SMile Freiburg ist eine bunt gew\u00fcrfelte, eher unstrukturierte Gruppe von Menschen allerlei Geschlechts aus allen Bev\u00f6lkerungsgruppen und auch altersm\u00e4\u00dfig weit gestreut.<\/p>\n\n\n\n<p class=\"has-text-align-center has-white-color has-text-color has-large-font-size\">Was uns verbindet, ist unser Interesse und unsere Lust an SM &#8211; die einen mehr, die andern weniger, die einen so, die andern anders.<\/p>\n\n\n\n<p class=\"has-text-align-center has-white-color has-text-color has-large-font-size\">SM: SadoMasochismus, Sinnliche Magie, Sex &amp; Magie &#8230; f\u00fcr jeden von uns bedeutet SM etwas Verschiedenes.<\/p>\n\n\n\n<p class=\"has-text-align-center has-white-color has-text-color has-large-font-size\">Manche m\u00f6gen Unterwerfungs- und Demutsrituale, andere lieben Rollenspiele, wieder andere Fesselungen, Erfahrungen mit Schmerz, das Ausleben von Machtfantasien oder das Gef\u00fchl des Ausgeliefertseins. Manche sind mit ihrer scheinbar festgelegten Geschlechterrolle unzufrieden und finden mittels SM Wege, diese zu durchbrechen. Viele finden Vergn\u00fcgen und Befriedigung durch SM als Spiel mit klarem Anfang und Ende. Einige versuchen, einen 24-Stunden SM auszuleben.<\/p>\n\n\n\n<p class=\"has-text-align-center has-white-color has-text-color has-large-font-size\">JedEr von uns hat eine ganz individuelle Mischung dieser und anderer Vorlieben.<\/p>\n\n\n\n<p class=\"has-text-align-center has-white-color has-text-color has-large-font-size\">SM-Praktiken sind so verschieden wie die L\u00fcste, Begierden und Fantasien der Menschen es sind.<br>In Einem allerdings sind wir uns einig:<br>SM beruht immer auf gegenseitigem Einverst\u00e4ndnis und Verantwortungsbewusstsein zwischen erwachsenen und reifen Menschen.<br>BDSM ist kein Religionsersatz f\u00fcr fanatische LeserInnen der &#8222;Geschichte der O&#8220;, die die dort aufgestellten Regeln zum Gesetz erheben wollen.<\/p>\n\n\n\n<p><\/p>\n","protected":false},"excerpt":{"rendered":"<p>Wer wir sind SMile Freiburg ist eine bunt gew\u00fcrfelte, eher unstrukturierte Gruppe von Menschen allerlei Geschlechts aus allen Bev\u00f6lkerungsgruppen und auch altersm\u00e4\u00dfig weit gestreut. Was uns verbindet, ist unser Interesse und unsere Lust an SM &#8211; die einen mehr, die andern weniger, die einen so, die andern anders. SM: SadoMasochismus,&#8230;<\/p>\n","protected":false},"author":1,"featured_media":0,"parent":0,"menu_order":1,"comment_status":"closed","ping_status":"closed","template":"","meta":{"footnotes":""},"_links":{"self":[{"href":"https:\/\/smilefreiburg.de\/index.php?rest_route=\/wp\/v2\/pages\/2"}],"collection":[{"href":"https:\/\/smilefreiburg.de\/index.php?rest_route=\/wp\/v2\/pages"}],"about":[{"href":"https:\/\/smilefreiburg.de\/index.php?rest_route=\/wp\/v2\/types\/page"}],"author":[{"embeddable":true,"href":"https:\/\/smilefreiburg.de\/index.php?rest_route=\/wp\/v2\/users\/1"}],"replies":[{"embeddable":true,"href":"https:\/\/smilefreiburg.de\/index.php?rest_route=%2Fwp%2Fv2%2Fcomments&post=2"}],"version-history":[{"count":10,"href":"https:\/\/smilefreiburg.de\/index.php?rest_route=\/wp\/v2\/pages\/2\/revisions"}],"predecessor-version":[{"id":74,"href":"https:\/\/smilefreiburg.de\/index.php?rest_route=\/wp\/v2\/pages\/2\/revisions\/74"}],"wp:attachment":[{"href":"https:\/\/smilefreiburg.de\/index.php?rest_route=%2Fwp%2Fv2%2Fmedia&parent=2"}],"curies":[{"name":"wp","href":"https:\/\/api.w.org\/{rel}","templated":true}]}}